{"id":398,"date":"2025-09-15T14:55:19","date_gmt":"2025-09-15T17:55:19","guid":{"rendered":"https:\/\/pardinho.sp.gov.br\/portal\/?page_id=398"},"modified":"2025-09-15T15:57:05","modified_gmt":"2025-09-15T18:57:05","slug":"midias","status":"publish","type":"page","link":"https:\/\/pardinho.sp.gov.br\/portal\/midias\/","title":{"rendered":"M\u00eddias"},"content":{"rendered":"<section class=\"l-section wpb_row height_small color_primary with_img parallax_fixed\"><div class=\"l-section-img\" role=\"img\" data-img-width=\"1920\" data-img-height=\"981\" style=\"background-image: url(https:\/\/pardinho.sp.gov.br\/portal\/wp-content\/uploads\/2025\/04\/gigante_pardinho.jpg);\"><\/div><div class=\"l-section-overlay\" style=\"background:rgba(0,0,0,0.5)\"><\/div><div class=\"l-section-h i-cf\"><div class=\"g-cols vc_row via_grid cols_1 laptops-cols_inherit tablets-cols_inherit mobiles-cols_1 valign_top type_default stacking_default\"><div class=\"wpb_column vc_column_container\"><div class=\"vc_column-inner\"><div class=\"w-separator size_small\"><\/div><h1 class=\"w-post-elm post_title us_custom_38a6be1b entry-title color_link_inherit\">M\u00eddias<\/h1><div class=\"w-separator us_custom_faef17f5 has_text_color size_small with_line width_default thick_2 style_dashed color_border align_center\"><div class=\"w-separator-h\"><\/div><\/div><nav class=\"g-breadcrumbs us_custom_71d3e3d1 separator_icon align_none\" itemscope itemtype=\"http:\/\/schema.org\/BreadcrumbList\"><div class=\"g-breadcrumbs-item\" itemscope itemprop=\"itemListElement\" itemtype=\"http:\/\/schema.org\/ListItem\"><a itemprop=\"item\" href=\"https:\/\/pardinho.sp.gov.br\/portal\/\"><span itemprop=\"name\">Principal<\/span><\/a><meta itemprop=\"position\" content=\"1\"\/><\/div><div class=\"g-breadcrumbs-separator\"><i class=\"far fa-angle-right\"><\/i><\/div><div class=\"g-breadcrumbs-item\">P\u00e1ginas<\/div><\/nav><\/div><\/div><\/div><\/div><\/section><section class=\"l-section wpb_row height_auto with_img\"><div class=\"l-section-img\" role=\"img\" data-img-width=\"1080\" data-img-height=\"49\" style=\"background-image: url(https:\/\/pardinho.sp.gov.br\/portal\/wp-content\/uploads\/2025\/04\/bg_top.svg);\"><\/div><div class=\"l-section-h i-cf\"><div class=\"g-cols vc_row via_grid cols_1 laptops-cols_inherit tablets-cols_inherit mobiles-cols_1 valign_top type_default stacking_default\"><div class=\"wpb_column vc_column_container\"><div class=\"vc_column-inner\"><div class=\"w-separator us_custom_faef17f5 has_text_color size_custom\" style=\"height:12px\"><\/div><\/div><\/div><\/div><\/div><\/section><section class=\"l-section wpb_row height_medium\"><div class=\"l-section-h i-cf\"><div class=\"g-cols vc_row via_grid cols_1 laptops-cols_inherit tablets-cols_inherit mobiles-cols_1 valign_top type_default stacking_default\"><div class=\"wpb_column vc_column_container us_custom_4fb9e5a3 has_bg_color\"><div class=\"vc_column-inner\"><div class=\"g-cols wpb_row via_grid cols_2-1 laptops-cols_inherit tablets-cols_inherit mobiles-cols_1 valign_top type_default stacking_default\" style=\"--gap:3rem;\"><div class=\"wpb_column vc_column_container\"><div class=\"vc_column-inner\"><div class=\"wpb_text_column us_custom_4b5b9fb0 has_text_color\"><div class=\"wpb_wrapper\"><p><strong>M\u00eddias<\/strong><\/p>\n<\/div><\/div><\/div><\/div><div class=\"wpb_column vc_column_container\"><div class=\"vc_column-inner\"><\/div><\/div><\/div><div class=\"w-separator size_medium with_line width_default thick_2 style_dashed color_border align_center\"><div class=\"w-separator-h\"><\/div><\/div><div class=\"w-image align_center\"><div class=\"w-image-h\"><img decoding=\"async\" width=\"300\" height=\"278\" src=\"https:\/\/pardinho.sp.gov.br\/portal\/wp-content\/uploads\/2025\/09\/Logotipo-Pardinho-Interesse-Turistico-300x278.png\" class=\"attachment-medium size-medium\" alt=\"\" loading=\"lazy\" srcset=\"https:\/\/pardinho.sp.gov.br\/portal\/wp-content\/uploads\/2025\/09\/Logotipo-Pardinho-Interesse-Turistico-300x278.png 300w, https:\/\/pardinho.sp.gov.br\/portal\/wp-content\/uploads\/2025\/09\/Logotipo-Pardinho-Interesse-Turistico-1024x950.png 1024w, https:\/\/pardinho.sp.gov.br\/portal\/wp-content\/uploads\/2025\/09\/Logotipo-Pardinho-Interesse-Turistico.png 1810w\" sizes=\"auto, (max-width: 300px) 100vw, 300px\" \/><\/div><\/div><div class=\"w-separator size_medium\"><\/div><div class=\"w-html us_custom_2e05bb1a has_text_color\"><div class='w3eden'><!-- WPDM Link Template: Default Template -->\n\n<div class=\"link-template-default card mb-2\">\n    <div class=\"card-body\">\n        <div class=\"media\">\n            <div class=\"mr-3 img-48\"><img decoding=\"async\" class=\"wpdm_icon\" alt=\"\u00edcone\"   src=\"https:\/\/cdn2.iconfinder.com\/data\/icons\/files-and-folders-12\/512\/Asset_23-1024.png\" \/><\/div>\n            <div class=\"media-body\">\n                <h3 class=\"package-title\"><a href='https:\/\/pardinho.sp.gov.br\/portal\/download\/logotipo-pardinho\/'>Logotipo Pardinho<\/a><\/h3>\n                <div class=\"text-muted text-small\"><i class=\"fas fa-copy\"><\/i> 1  arquivo(s) <i class=\"fas fa-hdd ml-3\"><\/i> 332 KB<\/div>\n            <\/div>\n            <div class=\"ml-3\">\n                <a class='wpdm-download-link download-on-click btn btn-primary btn-lg' rel='nofollow' href='#' data-downloadurl=\"https:\/\/pardinho.sp.gov.br\/portal\/download\/logotipo-pardinho\/?wpdmdl=431&refresh=69f3587a654f31777555578\">Download<\/a>\n            <\/div>\n        <\/div>\n    <\/div>\n<\/div>\n\n<\/div><\/div><div class=\"w-html us_custom_2e05bb1a has_text_color\"><div class='w3eden'><!-- WPDM Link Template: Default Template -->\n\n<div class=\"link-template-default card mb-2\">\n    <div class=\"card-body\">\n        <div class=\"media\">\n            <div class=\"mr-3 img-48\"><img decoding=\"async\" class=\"wpdm_icon\" alt=\"\u00edcone\"   src=\"https:\/\/pardinho.sp.gov.br\/portal\/wp-content\/plugins\/download-manager\/assets\/file-type-icons\/pdf.svg\" \/><\/div>\n            <div class=\"media-body\">\n                <h3 class=\"package-title\"><a href='https:\/\/pardinho.sp.gov.br\/portal\/download\/logotipo-pardinho-2\/'>Logotipo Pardinho<\/a><\/h3>\n                <div class=\"text-muted text-small\"><i class=\"fas fa-copy\"><\/i> 1  arquivo(s) <i class=\"fas fa-hdd ml-3\"><\/i> 49 KB<\/div>\n            <\/div>\n            <div class=\"ml-3\">\n                <a class='wpdm-download-link download-on-click btn btn-primary btn-lg' rel='nofollow' href='#' data-downloadurl=\"https:\/\/pardinho.sp.gov.br\/portal\/download\/logotipo-pardinho-2\/?wpdmdl=440&refresh=69f3587a67e361777555578\">Download<\/a>\n            <\/div>\n        <\/div>\n    <\/div>\n<\/div>\n\n<\/div><\/div><div class=\"w-separator size_huge\"><\/div><div class=\"w-image align_center\"><div class=\"w-image-h\"><img decoding=\"async\" width=\"300\" height=\"263\" src=\"https:\/\/pardinho.sp.gov.br\/portal\/wp-content\/uploads\/2025\/09\/Brasao-Pardinho-300x263.png\" class=\"attachment-medium size-medium\" alt=\"\" loading=\"lazy\" srcset=\"https:\/\/pardinho.sp.gov.br\/portal\/wp-content\/uploads\/2025\/09\/Brasao-Pardinho-300x263.png 300w, https:\/\/pardinho.sp.gov.br\/portal\/wp-content\/uploads\/2025\/09\/Brasao-Pardinho.png 895w\" sizes=\"auto, (max-width: 300px) 100vw, 300px\" \/><\/div><\/div><div class=\"w-separator size_medium\"><\/div><div class=\"w-html us_custom_2e05bb1a has_text_color\"><div class='w3eden'><!-- WPDM Link Template: Default Template -->\n\n<div class=\"link-template-default card mb-2\">\n    <div class=\"card-body\">\n        <div class=\"media\">\n            <div class=\"mr-3 img-48\"><img decoding=\"async\" class=\"wpdm_icon\" alt=\"\u00edcone\"   src=\"https:\/\/cdn2.iconfinder.com\/data\/icons\/files-and-folders-12\/512\/Asset_23-1024.png\" \/><\/div>\n            <div class=\"media-body\">\n                <h3 class=\"package-title\"><a href='https:\/\/pardinho.sp.gov.br\/portal\/download\/brasao-pardinho\/'>Bras\u00e3o Pardinho<\/a><\/h3>\n                <div class=\"text-muted text-small\"><i class=\"fas fa-copy\"><\/i> 1  arquivo(s) <i class=\"fas fa-hdd ml-3\"><\/i> 281 KB<\/div>\n            <\/div>\n            <div class=\"ml-3\">\n                <a class='wpdm-download-link download-on-click btn btn-primary btn-lg' rel='nofollow' href='#' data-downloadurl=\"https:\/\/pardinho.sp.gov.br\/portal\/download\/brasao-pardinho\/?wpdmdl=443&refresh=69f3587a6a3991777555578\">Download<\/a>\n            <\/div>\n        <\/div>\n    <\/div>\n<\/div>\n\n<\/div><\/div><div class=\"w-html us_custom_2e05bb1a has_text_color\"><div class='w3eden'><!-- WPDM Link Template: Default Template -->\n\n<div class=\"link-template-default card mb-2\">\n    <div class=\"card-body\">\n        <div class=\"media\">\n            <div class=\"mr-3 img-48\"><img decoding=\"async\" class=\"wpdm_icon\" alt=\"\u00edcone\"   src=\"https:\/\/pardinho.sp.gov.br\/portal\/wp-content\/plugins\/download-manager\/assets\/file-type-icons\/pdf.svg\" \/><\/div>\n            <div class=\"media-body\">\n                <h3 class=\"package-title\"><a href='https:\/\/pardinho.sp.gov.br\/portal\/download\/brasao-pardinho-2\/'>Bras\u00e3o Pardinho<\/a><\/h3>\n                <div class=\"text-muted text-small\"><i class=\"fas fa-copy\"><\/i> 1  arquivo(s) <i class=\"fas fa-hdd ml-3\"><\/i> 217 KB<\/div>\n            <\/div>\n            <div class=\"ml-3\">\n                <a class='wpdm-download-link download-on-click btn btn-primary btn-lg' rel='nofollow' href='#' data-downloadurl=\"https:\/\/pardinho.sp.gov.br\/portal\/download\/brasao-pardinho-2\/?wpdmdl=446&refresh=69f3587a6c2291777555578\">Download<\/a>\n            <\/div>\n        <\/div>\n    <\/div>\n<\/div>\n\n<\/div><\/div><div class=\"w-separator size_huge\"><\/div><div class=\"w-image align_center\"><div class=\"w-image-h\"><img decoding=\"async\" width=\"300\" height=\"153\" src=\"https:\/\/pardinho.sp.gov.br\/portal\/wp-content\/uploads\/2025\/09\/PNAB-300x153.png\" class=\"attachment-medium size-medium\" alt=\"\" loading=\"lazy\" srcset=\"https:\/\/pardinho.sp.gov.br\/portal\/wp-content\/uploads\/2025\/09\/PNAB-300x153.png 300w, https:\/\/pardinho.sp.gov.br\/portal\/wp-content\/uploads\/2025\/09\/PNAB.png 956w\" sizes=\"auto, (max-width: 300px) 100vw, 300px\" \/><\/div><\/div><div class=\"w-separator size_medium\"><\/div><div class=\"w-separator size_medium\"><\/div><div class=\"w-html us_custom_2e05bb1a has_text_color\"><div class='w3eden'><!-- WPDM Link Template: Default Template -->\n\n<div class=\"link-template-default card mb-2\">\n    <div class=\"card-body\">\n        <div class=\"media\">\n            <div class=\"mr-3 img-48\"><img decoding=\"async\" class=\"wpdm_icon\" alt=\"\u00edcone\"   src=\"https:\/\/cdn2.iconfinder.com\/data\/icons\/files-and-folders-12\/512\/Asset_23-1024.png\" \/><\/div>\n            <div class=\"media-body\">\n                <h3 class=\"package-title\"><a href='https:\/\/pardinho.sp.gov.br\/portal\/download\/pnab\/'>PNAB<\/a><\/h3>\n                <div class=\"text-muted text-small\"><i class=\"fas fa-copy\"><\/i> 1  arquivo(s) <i class=\"fas fa-hdd ml-3\"><\/i> 42 KB<\/div>\n            <\/div>\n            <div class=\"ml-3\">\n                <a class='wpdm-download-link download-on-click btn btn-primary btn-lg' rel='nofollow' href='#' data-downloadurl=\"https:\/\/pardinho.sp.gov.br\/portal\/download\/pnab\/?wpdmdl=448&refresh=69f3587a6dff91777555578\">Download<\/a>\n            <\/div>\n        <\/div>\n    <\/div>\n<\/div>\n\n<\/div><\/div><div class=\"w-html us_custom_2e05bb1a has_text_color\"><div class='w3eden'><!-- WPDM Link Template: Default Template -->\n\n<div class=\"link-template-default card mb-2\">\n    <div class=\"card-body\">\n        <div class=\"media\">\n            <div class=\"mr-3 img-48\"><img decoding=\"async\" class=\"wpdm_icon\" alt=\"\u00edcone\"   src=\"https:\/\/pardinho.sp.gov.br\/portal\/wp-content\/plugins\/download-manager\/assets\/file-type-icons\/pdf.svg\" \/><\/div>\n            <div class=\"media-body\">\n                <h3 class=\"package-title\"><a href='https:\/\/pardinho.sp.gov.br\/portal\/download\/pnab-2\/'>PNAB<\/a><\/h3>\n                <div class=\"text-muted text-small\"><i class=\"fas fa-copy\"><\/i> 1  arquivo(s) <i class=\"fas fa-hdd ml-3\"><\/i> 14 KB<\/div>\n            <\/div>\n            <div class=\"ml-3\">\n                <a class='wpdm-download-link download-on-click btn btn-primary btn-lg' rel='nofollow' href='#' data-downloadurl=\"https:\/\/pardinho.sp.gov.br\/portal\/download\/pnab-2\/?wpdmdl=450&refresh=69f3587a6f8f71777555578\">Download<\/a>\n            <\/div>\n        <\/div>\n    <\/div>\n<\/div>\n\n<\/div><\/div><\/div><\/div><\/div><\/div><\/section>\n","protected":false},"excerpt":{"rendered":"M\u00eddiasPrincipalP\u00e1ginasM\u00eddias Logotipo Pardinho 1 arquivo(s) 332 KB Download Logotipo Pardinho 1 arquivo(s) 49 KB Download Bras\u00e3o Pardinho 1 arquivo(s) 281 KB Download Bras\u00e3o Pardinho 1 arquivo(s) 217 KB Download PNAB 1 arquivo(s) 42 KB Download PNAB 1 arquivo(s) 14 KB Download","protected":false},"author":1,"featured_media":286,"parent":0,"menu_order":0,"comment_status":"closed","ping_status":"closed","template":"","meta":{"footnotes":""},"class_list":["post-398","page","type-page","status-publish","has-post-thumbnail","hentry"],"_links":{"self":[{"href":"https:\/\/pardinho.sp.gov.br\/portal\/wp-json\/wp\/v2\/pages\/398","targetHints":{"allow":["GET"]}}],"collection":[{"href":"https:\/\/pardinho.sp.gov.br\/portal\/wp-json\/wp\/v2\/pages"}],"about":[{"href":"https:\/\/pardinho.sp.gov.br\/portal\/wp-json\/wp\/v2\/types\/page"}],"author":[{"embeddable":true,"href":"https:\/\/pardinho.sp.gov.br\/portal\/wp-json\/wp\/v2\/users\/1"}],"replies":[{"embeddable":true,"href":"https:\/\/pardinho.sp.gov.br\/portal\/wp-json\/wp\/v2\/comments?post=398"}],"version-history":[{"count":34,"href":"https:\/\/pardinho.sp.gov.br\/portal\/wp-json\/wp\/v2\/pages\/398\/revisions"}],"predecessor-version":[{"id":452,"href":"https:\/\/pardinho.sp.gov.br\/portal\/wp-json\/wp\/v2\/pages\/398\/revisions\/452"}],"wp:featuredmedia":[{"embeddable":true,"href":"https:\/\/pardinho.sp.gov.br\/portal\/wp-json\/wp\/v2\/media\/286"}],"wp:attachment":[{"href":"https:\/\/pardinho.sp.gov.br\/portal\/wp-json\/wp\/v2\/media?parent=398"}],"curies":[{"name":"wp","href":"https:\/\/api.w.org\/{rel}","templated":true}]}}